{"id":1423,"date":"2023-09-07T18:28:42","date_gmt":"2023-09-07T16:28:42","guid":{"rendered":"https:\/\/abcdanse-passion.fr\/?page_id=1423"},"modified":"2025-09-11T13:38:59","modified_gmt":"2025-09-11T11:38:59","slug":"exemple-de-danses-pratiquees-au-sein-de-notre-association","status":"publish","type":"page","link":"https:\/\/abcdanse-passion.fr\/index.php\/exemple-de-danses-pratiquees-au-sein-de-notre-association\/","title":{"rendered":"Les danses"},"content":{"rendered":"\n<p><a href=\"https:\/\/abcdanse-passion.fr\/wp-admin\/edit.php?post_type=post\"><\/a><\/p>\n\n\n\n<h1 class=\"wp-block-heading\"><\/h1>\n\n\n\n<p id=\"block-499e9755-fcbc-40f1-9118-c6489383bb44\"><\/p>\n\n\n\n<p id=\"block-ec1c977d-478e-475e-9e01-e72582f37b83\"><strong>Le tango<\/strong> : Le tango est une danse d&#8217;origine argentine qui est souvent consid\u00e9r\u00e9e comme la danse de l&#8217;amour et de la passion. Il est caract\u00e9ris\u00e9 par des mouvements rapides et saccad\u00e9s, ainsi que par des poses dramatiques et des pauses.<\/p>\n\n\n\n<p id=\"block-d91749b0-b5d1-491d-9341-6935e862c663\"><strong>Le chacha<\/strong> : Le chacha est une danse latine qui est souvent consid\u00e9r\u00e9e comme l&#8217;une des danses les plus amusantes \u00e0 danser. Elle est caract\u00e9ris\u00e9e par des mouvements rapides des pieds et des hanches, ainsi que par des changements de poids rapides.<\/p>\n\n\n<div class=\"wp-block-image\">\n<figure class=\"aligncenter size-large is-resized\"><img loading=\"lazy\" decoding=\"async\" width=\"683\" height=\"1024\" src=\"https:\/\/abcdanse-passion.fr\/wp-content\/uploads\/2024\/08\/22-Isa-et-Mika-683x1024.jpg\" alt=\"\" class=\"wp-image-1600\" style=\"width:474px;height:auto\" srcset=\"https:\/\/abcdanse-passion.fr\/wp-content\/uploads\/2024\/08\/22-Isa-et-Mika-683x1024.jpg 683w, https:\/\/abcdanse-passion.fr\/wp-content\/uploads\/2024\/08\/22-Isa-et-Mika-200x300.jpg 200w, https:\/\/abcdanse-passion.fr\/wp-content\/uploads\/2024\/08\/22-Isa-et-Mika-768x1152.jpg 768w, https:\/\/abcdanse-passion.fr\/wp-content\/uploads\/2024\/08\/22-Isa-et-Mika-1024x1536.jpg 1024w, https:\/\/abcdanse-passion.fr\/wp-content\/uploads\/2024\/08\/22-Isa-et-Mika-1365x2048.jpg 1365w, https:\/\/abcdanse-passion.fr\/wp-content\/uploads\/2024\/08\/22-Isa-et-Mika-scaled.jpg 1707w\" sizes=\"auto, (max-width: 683px) 100vw, 683px\" \/><\/figure><\/div>\n\n\n<p><\/p>\n\n\n\n<p id=\"block-13464af8-0f49-4870-9f1f-f3665f18973b\"><strong>La valse<\/strong> : C&#8217;est une danse de couple qui est caract\u00e9ris\u00e9e par un mouvement de rotation continu et fluide. La musique de valse est g\u00e9n\u00e9ralement en trois temps et la danse elle-m\u00eame est souvent associ\u00e9e \u00e0 la musique classique et \u00e0 la romance.<\/p>\n\n\n\n<p id=\"block-13464af8-0f49-4870-9f1f-f3665f18973b\"><strong>La valse lente<\/strong> : Comme son nom l&#8217;indique, la valse lente est une version plus lente et plus romantique de la valse traditionnelle. Elle est souvent dans\u00e9e sur de la musique de ballade et est caract\u00e9ris\u00e9e par des mouvements plus lents et plus d\u00e9lib\u00e9r\u00e9s.<\/p>\n\n\n\n<p id=\"block-13464af8-0f49-4870-9f1f-f3665f18973b\"><strong>Le rock<\/strong> : Le rock est une danse de couple qui a \u00e9merg\u00e9 dans les ann\u00e9es 1950. Elle est caract\u00e9ris\u00e9e par des mouvements rythmiques et \u00e9nergiques, ainsi que par des acrobaties telles que les port\u00e9s et les jet\u00e9s. Le rock est souvent dans\u00e9 sur de la musique rock &#8216;n&#8217; roll ou swing.<\/p>\n\n\n<div class=\"wp-block-image\">\n<figure class=\"aligncenter size-large is-resized\"><img decoding=\"async\" src=\"https:\/\/abcdanse-passion.fr\/wp-content\/uploads\/2024\/08\/IMG_0121-ABC-683x1024.jpg\" alt=\"\" class=\"wp-image-1606\" style=\"width:471px;height:auto\"\/><\/figure><\/div>\n\n\n<p><\/p>\n\n\n\n<p><strong>Le tango argentin : il est \u00e0 l&#8217;origine de tous les types de tango<\/strong>. Il rassemble tous les \u00e9l\u00e9ments du tango dans\u00e9 par les immigrants europ\u00e9ens et africains dans le Buenos Aires du XIXe si\u00e8cle, une \u00e9treinte souple, des postures dramatiques et une sensualit\u00e9 tonale.<\/p>\n\n\n\n<figure class=\"wp-block-gallery has-nested-images columns-default is-cropped wp-block-gallery-1 is-layout-flex wp-block-gallery-is-layout-flex\">\n<figure class=\"wp-block-image size-large\"><img loading=\"lazy\" decoding=\"async\" width=\"683\" height=\"1024\" data-id=\"1719\" src=\"https:\/\/abcdanse-passion.fr\/wp-content\/uploads\/2025\/09\/PHOTO-2025-09-02-15-09-11-683x1024.jpg\" alt=\"\" class=\"wp-image-1719\" srcset=\"https:\/\/abcdanse-passion.fr\/wp-content\/uploads\/2025\/09\/PHOTO-2025-09-02-15-09-11-683x1024.jpg 683w, https:\/\/abcdanse-passion.fr\/wp-content\/uploads\/2025\/09\/PHOTO-2025-09-02-15-09-11-200x300.jpg 200w, https:\/\/abcdanse-passion.fr\/wp-content\/uploads\/2025\/09\/PHOTO-2025-09-02-15-09-11-768x1152.jpg 768w, https:\/\/abcdanse-passion.fr\/wp-content\/uploads\/2025\/09\/PHOTO-2025-09-02-15-09-11-1024x1536.jpg 1024w, https:\/\/abcdanse-passion.fr\/wp-content\/uploads\/2025\/09\/PHOTO-2025-09-02-15-09-11.jpg 1067w\" sizes=\"auto, (max-width: 683px) 100vw, 683px\" \/><\/figure>\n\n\n\n<figure class=\"wp-block-image size-large\"><img loading=\"lazy\" decoding=\"async\" width=\"683\" height=\"1024\" data-id=\"1720\" src=\"https:\/\/abcdanse-passion.fr\/wp-content\/uploads\/2025\/09\/PHOTO-2025-09-02-15-09-19-683x1024.jpg\" alt=\"\" class=\"wp-image-1720\" srcset=\"https:\/\/abcdanse-passion.fr\/wp-content\/uploads\/2025\/09\/PHOTO-2025-09-02-15-09-19-683x1024.jpg 683w, https:\/\/abcdanse-passion.fr\/wp-content\/uploads\/2025\/09\/PHOTO-2025-09-02-15-09-19-200x300.jpg 200w, https:\/\/abcdanse-passion.fr\/wp-content\/uploads\/2025\/09\/PHOTO-2025-09-02-15-09-19-768x1152.jpg 768w, https:\/\/abcdanse-passion.fr\/wp-content\/uploads\/2025\/09\/PHOTO-2025-09-02-15-09-19-1024x1536.jpg 1024w, https:\/\/abcdanse-passion.fr\/wp-content\/uploads\/2025\/09\/PHOTO-2025-09-02-15-09-19.jpg 1067w\" sizes=\"auto, (max-width: 683px) 100vw, 683px\" \/><\/figure>\n<\/figure>\n","protected":false},"excerpt":{"rendered":"<p>Le tango : Le tango est une danse d&#8217;origine argentine qui est souvent consid\u00e9r\u00e9e comme la danse de l&#8217;amour et de la passion. Il est caract\u00e9ris\u00e9 par des mouvements rapides et saccad\u00e9s, ainsi que par des poses dramatiques et des pauses. Le chacha : Le chacha est une danse latine&#8230;<\/p>\n","protected":false},"author":2,"featured_media":0,"parent":0,"menu_order":0,"comment_status":"closed","ping_status":"closed","template":"","meta":{"footnotes":""},"class_list":["post-1423","page","type-page","status-publish","hentry"],"_links":{"self":[{"href":"https:\/\/abcdanse-passion.fr\/index.php\/wp-json\/wp\/v2\/pages\/1423","targetHints":{"allow":["GET"]}}],"collection":[{"href":"https:\/\/abcdanse-passion.fr\/index.php\/wp-json\/wp\/v2\/pages"}],"about":[{"href":"https:\/\/abcdanse-passion.fr\/index.php\/wp-json\/wp\/v2\/types\/page"}],"author":[{"embeddable":true,"href":"https:\/\/abcdanse-passion.fr\/index.php\/wp-json\/wp\/v2\/users\/2"}],"replies":[{"embeddable":true,"href":"https:\/\/abcdanse-passion.fr\/index.php\/wp-json\/wp\/v2\/comments?post=1423"}],"version-history":[{"count":13,"href":"https:\/\/abcdanse-passion.fr\/index.php\/wp-json\/wp\/v2\/pages\/1423\/revisions"}],"predecessor-version":[{"id":1733,"href":"https:\/\/abcdanse-passion.fr\/index.php\/wp-json\/wp\/v2\/pages\/1423\/revisions\/1733"}],"wp:attachment":[{"href":"https:\/\/abcdanse-passion.fr\/index.php\/wp-json\/wp\/v2\/media?parent=1423"}],"curies":[{"name":"wp","href":"https:\/\/api.w.org\/{rel}","templated":true}]}}