{"id":1714,"date":"2025-09-03T19:13:41","date_gmt":"2025-09-03T17:13:41","guid":{"rendered":"https:\/\/abcdanse-passion.fr\/?page_id=1714"},"modified":"2025-09-03T19:13:42","modified_gmt":"2025-09-03T17:13:42","slug":"portrait-de-notre-prof-de-danses-de-salon-et-de-tango-argentin-anna","status":"publish","type":"page","link":"https:\/\/abcdanse-passion.fr\/index.php\/portrait-de-notre-prof-de-danses-de-salon-et-de-tango-argentin-anna\/","title":{"rendered":"Portrait de notre Prof de danses de salon et de Tango Argentin\u00a0: Anna"},"content":{"rendered":"<div class=\"wp-block-image\">\n<figure class=\"aligncenter size-large is-resized\"><img loading=\"lazy\" decoding=\"async\" width=\"683\" height=\"1024\" src=\"https:\/\/abcdanse-passion.fr\/wp-content\/uploads\/2025\/09\/PHOTO-2025-09-02-15-09-00-683x1024.jpg\" alt=\"\" class=\"wp-image-1715\" style=\"width:426px;height:auto\" srcset=\"https:\/\/abcdanse-passion.fr\/wp-content\/uploads\/2025\/09\/PHOTO-2025-09-02-15-09-00-683x1024.jpg 683w, https:\/\/abcdanse-passion.fr\/wp-content\/uploads\/2025\/09\/PHOTO-2025-09-02-15-09-00-200x300.jpg 200w, https:\/\/abcdanse-passion.fr\/wp-content\/uploads\/2025\/09\/PHOTO-2025-09-02-15-09-00-768x1152.jpg 768w, https:\/\/abcdanse-passion.fr\/wp-content\/uploads\/2025\/09\/PHOTO-2025-09-02-15-09-00-1024x1536.jpg 1024w, https:\/\/abcdanse-passion.fr\/wp-content\/uploads\/2025\/09\/PHOTO-2025-09-02-15-09-00.jpg 1067w\" sizes=\"auto, (max-width: 683px) 100vw, 683px\" \/><\/figure><\/div>\n\n\n<p>J\u2019ai d\u00e9couvert les danses de salon \u00e0 12 ans, en colonie de vacances. Les rythmes exotiques du cha-cha-cha et de la samba m\u2019ont tout de suite fascin\u00e9e.<\/p>\n\n\n\n<p>Par la suite, j\u2019ai particip\u00e9 \u00e0 des comp\u00e9titions en Russie et en France, remportant notamment deux m\u00e9dailles de bronze au championnat de France (2016 et 2017) dans le programme standard. C\u2019est aussi \u00e0 cette \u00e9poque que j\u2019ai commenc\u00e9 \u00e0 enseigner.<\/p>\n\n\n\n<p>Apr\u00e8s mon parcours en comp\u00e9tition, j\u2019ai d\u00e9couvert le tango argentin \u2014 une r\u00e9v\u00e9lation. L\u2019improvisation, l\u2019\u00e9coute, la libert\u00e9 m\u2019ont ouvert un nouveau monde \u00e9motionnel. Depuis, le tango est rest\u00e9 au c\u0153ur de ma pratique.<\/p>\n\n\n\n<p>La danse occupe une place immense dans ma vie. Mais je suis \u00e9galement dipl\u00f4m\u00e9e en couture, je r\u00e9alise parfois des commandes sur mesure, je pratique l\u2019aquarelle et je fais professionnellement la r\u00e9fection de si\u00e8ges.<\/p>\n","protected":false},"excerpt":{"rendered":"<p>J\u2019ai d\u00e9couvert les danses de salon \u00e0 12 ans, en colonie de vacances. Les rythmes exotiques du cha-cha-cha et de la samba m\u2019ont tout de suite fascin\u00e9e. Par la suite, j\u2019ai particip\u00e9 \u00e0 des comp\u00e9titions en Russie et en France, remportant notamment deux m\u00e9dailles de bronze au championnat de France&#8230;<\/p>\n","protected":false},"author":2,"featured_media":0,"parent":0,"menu_order":0,"comment_status":"closed","ping_status":"closed","template":"","meta":{"footnotes":""},"class_list":["post-1714","page","type-page","status-publish","hentry"],"_links":{"self":[{"href":"https:\/\/abcdanse-passion.fr\/index.php\/wp-json\/wp\/v2\/pages\/1714","targetHints":{"allow":["GET"]}}],"collection":[{"href":"https:\/\/abcdanse-passion.fr\/index.php\/wp-json\/wp\/v2\/pages"}],"about":[{"href":"https:\/\/abcdanse-passion.fr\/index.php\/wp-json\/wp\/v2\/types\/page"}],"author":[{"embeddable":true,"href":"https:\/\/abcdanse-passion.fr\/index.php\/wp-json\/wp\/v2\/users\/2"}],"replies":[{"embeddable":true,"href":"https:\/\/abcdanse-passion.fr\/index.php\/wp-json\/wp\/v2\/comments?post=1714"}],"version-history":[{"count":1,"href":"https:\/\/abcdanse-passion.fr\/index.php\/wp-json\/wp\/v2\/pages\/1714\/revisions"}],"predecessor-version":[{"id":1716,"href":"https:\/\/abcdanse-passion.fr\/index.php\/wp-json\/wp\/v2\/pages\/1714\/revisions\/1716"}],"wp:attachment":[{"href":"https:\/\/abcdanse-passion.fr\/index.php\/wp-json\/wp\/v2\/media?parent=1714"}],"curies":[{"name":"wp","href":"https:\/\/api.w.org\/{rel}","templated":true}]}}