{"id":1718,"date":"2025-09-03T19:16:39","date_gmt":"2025-09-03T17:16:39","guid":{"rendered":"https:\/\/abcdanse-passion.fr\/?page_id=1718"},"modified":"2025-09-03T19:16:40","modified_gmt":"2025-09-03T17:16:40","slug":"portrait-de-notre-prof-de-tango-argentin-jerome","status":"publish","type":"page","link":"https:\/\/abcdanse-passion.fr\/index.php\/portrait-de-notre-prof-de-tango-argentin-jerome\/","title":{"rendered":"Portrait de notre Prof de Tango Argentin\u00a0: J\u00e9r\u00f4me"},"content":{"rendered":"<div class=\"wp-block-image\">\n<figure class=\"aligncenter size-large is-resized\"><img loading=\"lazy\" decoding=\"async\" width=\"683\" height=\"1024\" src=\"https:\/\/abcdanse-passion.fr\/wp-content\/uploads\/2025\/09\/PHOTO-2025-09-02-15-09-11-683x1024.jpg\" alt=\"\" class=\"wp-image-1719\" style=\"width:387px;height:auto\" srcset=\"https:\/\/abcdanse-passion.fr\/wp-content\/uploads\/2025\/09\/PHOTO-2025-09-02-15-09-11-683x1024.jpg 683w, https:\/\/abcdanse-passion.fr\/wp-content\/uploads\/2025\/09\/PHOTO-2025-09-02-15-09-11-200x300.jpg 200w, https:\/\/abcdanse-passion.fr\/wp-content\/uploads\/2025\/09\/PHOTO-2025-09-02-15-09-11-768x1152.jpg 768w, https:\/\/abcdanse-passion.fr\/wp-content\/uploads\/2025\/09\/PHOTO-2025-09-02-15-09-11-1024x1536.jpg 1024w, https:\/\/abcdanse-passion.fr\/wp-content\/uploads\/2025\/09\/PHOTO-2025-09-02-15-09-11.jpg 1067w\" sizes=\"auto, (max-width: 683px) 100vw, 683px\" \/><\/figure><\/div>\n\n\n<p><\/p>\n\n\n\n<p>J\u2019ai d\u00e9couvert le tango argentin il y a une dizaine d\u2019ann\u00e9es en assistant au spectacle &#8220;Tango Pasi\u00f3n&#8221;, une r\u00e9v\u00e9lation. J\u2019ai \u00e9t\u00e9 profond\u00e9ment touch\u00e9 par l\u2019\u00e9l\u00e9gance, l\u2019intensit\u00e9 et la finesse de cette danse, mais aussi par la force et la pr\u00e9sence des danseurs.<\/p>\n\n\n\n<p>Le tango, ce n\u2019est pas juste des pas : c\u2019est une connexion subtile, un dialogue silencieux fond\u00e9 sur l\u2019\u00e9coute, les \u00e9motions et l\u2019instant pr\u00e9sent.<\/p>\n\n\n\n<p>Port\u00e9 par ma pratique des arts martiaux \u2013 discipline, conscience du corps, rigueur \u2013 j\u2019ai rapidement progress\u00e9. J\u2019ai explor\u00e9 de nombreux cours \u00e0 Paris, suivi des Maestros et voyag\u00e9 \u00e0 Buenos Aires pour affiner ma danse.<\/p>\n\n\n\n<p>Aujourd\u2019hui, le tango est un v\u00e9ritable art de vivre. J\u2019aime danser aussi bien sur des tangos traditionnels que sur des musiques contemporaines comme Imagine Dragons ou Eminem. J\u2019appr\u00e9cie aussi la valse argentine, la milonga, et je garde un attachement fort aux arts martiaux et \u00e0 la photographie.<\/p>\n\n\n<div class=\"wp-block-image\">\n<figure class=\"aligncenter size-large is-resized\"><img loading=\"lazy\" decoding=\"async\" width=\"683\" height=\"1024\" src=\"https:\/\/abcdanse-passion.fr\/wp-content\/uploads\/2025\/09\/PHOTO-2025-09-02-15-09-19-683x1024.jpg\" alt=\"\" class=\"wp-image-1720\" style=\"width:322px;height:auto\" srcset=\"https:\/\/abcdanse-passion.fr\/wp-content\/uploads\/2025\/09\/PHOTO-2025-09-02-15-09-19-683x1024.jpg 683w, https:\/\/abcdanse-passion.fr\/wp-content\/uploads\/2025\/09\/PHOTO-2025-09-02-15-09-19-200x300.jpg 200w, https:\/\/abcdanse-passion.fr\/wp-content\/uploads\/2025\/09\/PHOTO-2025-09-02-15-09-19-768x1152.jpg 768w, https:\/\/abcdanse-passion.fr\/wp-content\/uploads\/2025\/09\/PHOTO-2025-09-02-15-09-19-1024x1536.jpg 1024w, https:\/\/abcdanse-passion.fr\/wp-content\/uploads\/2025\/09\/PHOTO-2025-09-02-15-09-19.jpg 1067w\" sizes=\"auto, (max-width: 683px) 100vw, 683px\" \/><\/figure><\/div>","protected":false},"excerpt":{"rendered":"<p>J\u2019ai d\u00e9couvert le tango argentin il y a une dizaine d\u2019ann\u00e9es en assistant au spectacle &#8220;Tango Pasi\u00f3n&#8221;, une r\u00e9v\u00e9lation. J\u2019ai \u00e9t\u00e9 profond\u00e9ment touch\u00e9 par l\u2019\u00e9l\u00e9gance, l\u2019intensit\u00e9 et la finesse de cette danse, mais aussi par la force et la pr\u00e9sence des danseurs. Le tango, ce n\u2019est pas juste des pas&#8230;<\/p>\n","protected":false},"author":2,"featured_media":0,"parent":0,"menu_order":0,"comment_status":"closed","ping_status":"closed","template":"","meta":{"footnotes":""},"class_list":["post-1718","page","type-page","status-publish","hentry"],"_links":{"self":[{"href":"https:\/\/abcdanse-passion.fr\/index.php\/wp-json\/wp\/v2\/pages\/1718","targetHints":{"allow":["GET"]}}],"collection":[{"href":"https:\/\/abcdanse-passion.fr\/index.php\/wp-json\/wp\/v2\/pages"}],"about":[{"href":"https:\/\/abcdanse-passion.fr\/index.php\/wp-json\/wp\/v2\/types\/page"}],"author":[{"embeddable":true,"href":"https:\/\/abcdanse-passion.fr\/index.php\/wp-json\/wp\/v2\/users\/2"}],"replies":[{"embeddable":true,"href":"https:\/\/abcdanse-passion.fr\/index.php\/wp-json\/wp\/v2\/comments?post=1718"}],"version-history":[{"count":1,"href":"https:\/\/abcdanse-passion.fr\/index.php\/wp-json\/wp\/v2\/pages\/1718\/revisions"}],"predecessor-version":[{"id":1721,"href":"https:\/\/abcdanse-passion.fr\/index.php\/wp-json\/wp\/v2\/pages\/1718\/revisions\/1721"}],"wp:attachment":[{"href":"https:\/\/abcdanse-passion.fr\/index.php\/wp-json\/wp\/v2\/media?parent=1718"}],"curies":[{"name":"wp","href":"https:\/\/api.w.org\/{rel}","templated":true}]}}